{"id":46,"date":"2020-09-22T02:18:02","date_gmt":"2020-09-22T02:18:02","guid":{"rendered":"http:\/\/molinaconsultores.net\/?page_id=46"},"modified":"2020-10-10T05:57:19","modified_gmt":"2020-10-10T05:57:19","slug":"politicas-de-privacidad","status":"publish","type":"page","link":"http:\/\/molinaconsultores.net\/?page_id=46","title":{"rendered":"Pol\u00edticas de Privacidad"},"content":{"rendered":"\t\t<div data-elementor-type=\"wp-page\" data-elementor-id=\"46\" class=\"elementor elementor-46\" data-elementor-settings=\"[]\">\n\t\t\t\t\t\t<div class=\"elementor-inner\">\n\t\t\t\t\t\t\t<div class=\"elementor-section-wrap\">\n\t\t\t\t\t\t\t<section class=\"elementor-section elementor-top-section elementor-element elementor-element-bbc9896 elementor-section-boxed elementor-section-height-default elementor-section-height-default\" data-id=\"bbc9896\" data-element_type=\"section\">\n\t\t\t\t\t\t<div class=\"elementor-container elementor-column-gap-default\">\n\t\t\t\t\t\t\t<div class=\"elementor-row\">\n\t\t\t\t\t<div class=\"elementor-column elementor-col-100 elementor-top-column elementor-element elementor-element-9ec7808\" data-id=\"9ec7808\" data-element_type=\"column\">\n\t\t\t<div class=\"elementor-column-wrap elementor-element-populated\">\n\t\t\t\t\t\t\t<div class=\"elementor-widget-wrap\">\n\t\t\t\t\t\t<div class=\"elementor-element elementor-element-466220c elementor-widget elementor-widget-heading\" data-id=\"466220c\" data-element_type=\"widget\" data-widget_type=\"heading.default\">\n\t\t\t\t<div class=\"elementor-widget-container\">\n\t\t\t<h1 class=\"elementor-heading-title elementor-size-default\">Pol\u00edticas de Privacidad.<\/h1>\t\t<\/div>\n\t\t\t\t<\/div>\n\t\t\t\t<div class=\"elementor-element elementor-element-3a40033 elementor-widget elementor-widget-text-editor\" data-id=\"3a40033\" data-element_type=\"widget\" data-widget_type=\"text-editor.default\">\n\t\t\t\t<div class=\"elementor-widget-container\">\n\t\t\t\t\t<div class=\"elementor-text-editor elementor-clearfix\"><h2>Molina Consultores, S.A. de C.V. (en lo sucesivo, \u201cMOLINA CONSULTORES\u201d), comprometido con la confidencialidad, seguridad y protecci\u00f3n de sus datos personales le da a conocer el siguiente Aviso de Privacidad:<\/h2><p>\u00a0<\/p><p>\u00a0<\/p><p>En cumplimiento a lo establecido por la Ley Federal de Protecci\u00f3n de Datos Personales en Posesi\u00f3n de los Particulares, su Reglamento y dem\u00e1s disposiciones que deriven de \u00e9sta (en lo sucesivo, la \u201cLFPDPPP\u201d), MOLINA CONSULTORES con domicilio ubicado en calle Tenis No. 106-4, Colonia Country\u00a0 Club, Delegaci\u00f3n Coyoac\u00e1n, M\u00e9xico, Ciudad de M\u00e9xico, C.P. 04210, es responsable del tratamiento de sus datos personales: de identificaci\u00f3n, patrimoniales, financieros, laborales, acad\u00e9micos, migratorios y sensibles (caracter\u00edsticas f\u00edsicas, afiliaci\u00f3n sindical, origen racial o \u00e9tnico, historial cl\u00ednico, tipo de sangre, estado de salud presente y futuro, informaci\u00f3n gen\u00e9tica, informaci\u00f3n m\u00e9dica, creencias religiosas, creencias filos\u00f3ficas, creencias morales y\/o preferencia sexual), seg\u00fan sea el caso.<\/p><p>Para las finalidades se\u00f1aladas en el presente Aviso, MOLINA CONSULTORES puede recabar sus datos personales de distintas formas: cuando usted nos los proporciona personalmente; cuando nos los entrega a trav\u00e9s de medios electr\u00f3nicos, \u00f3pticos, sonoros o de cualquier otra tecnolog\u00eda como correo postal, internet o v\u00eda telef\u00f3nica;\u00a0\u00a0\u00a0\u00a0\u00a0\u00a0\u00a0\u00a0\u00a0\u00a0\u00a0\u00a0 cuando los obtenemos a trav\u00e9s de un tercero por una transferencia consentida (empleadores, Instituciones de Seguros y de Fianzas, Instituciones Financieras, proveedores de servicios y profesionales m\u00e9dicos); o a trav\u00e9s de una fuente de acceso p\u00fablico.<\/p><p>Por tanto, los datos recabados se tratar\u00e1n de acuerdo con las siguientes finalidades:<\/p><ol><li>Finalidades Primarias aplicables a los supuestos que continuaci\u00f3n se se\u00f1alan: (para lo cual atentamente le pedimos marque con una \u201cx\u201d la casilla que corresponda al caso en el que se ubique)<ul><li><strong>Clientes Potenciales o Clientes (incluyendo, en caso de ser aplicable, a sus empleados y\/o derechohabientes):<\/strong><\/li><\/ul><\/li><\/ol><p>Se utilizar\u00e1n, seg\u00fan sea el caso, para evaluar y atender su solicitud de informaci\u00f3n, comercializaci\u00f3n de productos y\/o prestaci\u00f3n de servicios de consultor\u00eda, cotizaci\u00f3n, negociaci\u00f3n, intermediaci\u00f3n, colocaci\u00f3n y\/o renovaci\u00f3n de p\u00f3lizas de seguros y de fianzas con Aseguradoras, Afianzadoras, Administradoras de Siniestros o Proveedores de Servicios; para el an\u00e1lisis, priorizaci\u00f3n y gesti\u00f3n de riesgos; para la identificaci\u00f3n de soluciones potenciales; para la identificaci\u00f3n de riesgos ocultos o no previstos; para brindar asesor\u00eda en la determinaci\u00f3n de valores asegurables y sus necesidades de protecci\u00f3n; para la evaluaci\u00f3n de p\u00e9rdidas potenciales; para la asesor\u00eda, gesti\u00f3n y tr\u00e1mite de siniestros; para asistencia y manejo de reclamaciones; para el apoyo tecnol\u00f3gico y de comunicaci\u00f3n a trav\u00e9s de sistemas, dise\u00f1o, mantenimiento, auditor\u00edas y actualizaci\u00f3n de programas de seguros y de fianzas; para la administraci\u00f3n de programas de beneficios para empleados; para el an\u00e1lisis de datos de encuestas y sus resultados; para brindar consultor\u00eda en recursos humanos, servicios empresariales y planes de pensiones; para servicios asistenciales en el servicio preventivo de seguridad y salud en el trabajo con el objeto de mitigar riesgos; para programas de promoci\u00f3n y prevenci\u00f3n de salud; para estudios, registros, estad\u00edsticas y an\u00e1lisis de informaci\u00f3n de salud; as\u00ed como para el cobro y la facturaci\u00f3n por nuestros servicios y\/o productos, incluyendo cargos en l\u00ednea y para evaluar la calidad de los mismos. In some specific circumstances we do pass your personal information outside of the European Economic Area (the \u201cEEA\u201d). Please see the section on transferring information overseas below for more information.<\/p><ol><li style=\"list-style-type: none;\"><ul><li><strong>Proveedores:<\/strong><\/li><\/ul><\/li><\/ol><p>Se utilizar\u00e1n para el proceso de evaluaci\u00f3n y en su caso de contrataci\u00f3n y para la facturaci\u00f3n y acreditamiento de pagos por el suministro de productos y\/o servicios.<\/p><ol><li style=\"list-style-type: none;\"><ul><li><strong>Candidatos a vacantes y Empleados:<\/strong><\/li><\/ul><\/li><\/ol><p>Se utilizar\u00e1n para el proceso de selecci\u00f3n, an\u00e1lisis, reclutamiento y verificaci\u00f3n de referencias, bolsa de trabajo, capacitaci\u00f3n y desarrollo de habilidades, contrataci\u00f3n y para el cumplimiento de las obligaciones derivadas de la relaci\u00f3n laboral, que en su caso se llegue a establecer.<\/p><ol><li style=\"list-style-type: none;\"><ul><li><strong>Visitantes que ingresan a las instalaciones, oficinas o representaciones de MOLINA CONSULTORES:<\/strong><\/li><\/ul><\/li><\/ol><p>Se utilizar\u00e1n para los fines vinculados con el acceso, control, video vigilancia\/grabaci\u00f3n, para garantizar la seguridad e integridad de las instalaciones, personal, herramientas y equipo de MOLINA CONSULTORES.<\/p><ol><li>De acuerdo con lo establecido en la LFPDPPP, MOLINA CONSULTORES requiere de su consentimiento expreso para el tratamiento de los datos personales, incluyendo los sensibles, para las finalidades primarias a las que se hace menci\u00f3n en el presente Aviso. En caso de que usted no otorgue su consentimiento expreso para el tratamiento de sus datos, podr\u00edamos vernos imposibilitados para brindarle nuestros servicios y\/o productos detallados en las finalidades primarias, o bien, para ofrecerle empleo (\u00fanicamente en caso de candidatos a vacantes) o para otorgarle alguna prestaci\u00f3n laboral, incluyendo alg\u00fan tipo de seguro de gastos m\u00e9dicos, seg\u00fan sea el caso concreto. Por lo anterior, le solicitamos atentamente marcar si acepta o no lo especificado:<\/li><li>Consiento que mis datos personales, incluyendo los sensibles y los financieros, sean tratados conforme a las finalidades primarias establecidas en el presente Aviso.<\/li><li>Nombre, Fecha y Firma Aut\u00f3grafa del Titular __________________________________________________________________ __________________________________________________________________<\/li><li>Finalidades Secundarias<ul><li>Para fines de mercadotecnia, publicidad y\/o prospecci\u00f3n comercial con el fin de promocionar servicios fuera de los establecidos en las finalidades primarias, o para darle a conocer informaci\u00f3n y noticias relacionadas con la industria del sector asegurador y de fianzas que no est\u00e9n relacionadas con lo se\u00f1alado en las finalidades primarias que le sean aplicables.<\/li><li>Con la finalidad de invitarlo a participar en promociones, concursos y\/o actividades de salud que no formen parte de lo estipulado en las finalidades primarias que le sean aplicables.<\/li><\/ul><\/li><\/ol><p>Por lo anterior, le solicitamos atentamente marcar si acepta o no lo especificado:<\/p><p>Consiento que mis datos personales sean tratados conforme a las finalidades secundarias se\u00f1aladas en el presente Aviso.<\/p><p>NO consiento que mis datos personales sean tratados conforme a las finalidades secundarias se\u00f1aladas en el presente Aviso.<\/p><p>En caso de que el presente Aviso no le sea dado a conocer de manera directa, usted contar\u00e1 con un plazo de cinco d\u00edas h\u00e1biles para que, de ser el caso, manifieste su negativa para el tratamiento de datos personales.<\/p><p>Los datos a que se refiere este Aviso, podr\u00e1n ser transferidos conforme a lo que se se\u00f1ala a continuaci\u00f3n:<\/p><ol><li style=\"list-style-type: none;\"><ul><li>En el caso de Clientes (incluyendo, en caso de ser aplicable, a sus empleados y\/o derechohabientes) a:<ul><li>Compa\u00f1\u00edas Aseguradoras, de Fianzas y\/o Administradoras de Siniestros para el intercambio de ofertas y\/o para la celebraci\u00f3n, conservaci\u00f3n, cancelaci\u00f3n o modificaci\u00f3n de contratos de seguros y\/o de fianzas, as\u00ed como para el tr\u00e1mite de pagos, siniestros y\/o reclamaciones, seg\u00fan sea el caso.<\/li><li>En el caso de empleados de Clientes de MOLINA CONSULTORES, incluyendo sus derechohabientes, podremos compartir sus datos con aquella compa\u00f1\u00eda o persona para la que presta sus servicios y que previamente haya solicitado los servicios y\/o productos de MOLINA CONSULTORES, como parte del paquete de prestaciones que el cliente ofrece. Lo anterior en el entendido que dichos datos ser\u00e1n transferidos \u00fanicamente para fines estad\u00edsticos y de an\u00e1lisis sobre la calidad de los servicios y\/o productos ofrecidos por MOLINA CONSULTORES.<\/li><li>Proveedores de Servicios contratados por MOLINA CONSULTORES para realizar servicios a su nombre. Lo anterior, en el entendido que dichos proveedores est\u00e1n obligados a nivel contractual a tratar los datos personales \u00fanica y exclusivamente para dar cumplimiento a los servicios y\/o productos descritos en las finalidades primarias y que expresamente hayan sido solicitados por el cliente.<\/li><li>Sociedades relacionadas o subsidiarias de MOLINA CONSULTORES en M\u00e9xico y en el extranjero para fines estad\u00edsticos y de an\u00e1lisis internos sobre la calidad de nuestros servicios y\/o productos.<\/li><li>Autoridades financieras mexicanas y extranjeras, con la finalidad de dar cumplimiento a nuestras obligaciones derivadas de leyes o tratados internacionales, obligaciones tributarias, as\u00ed como para el cumplimiento de notificaciones o requerimientos oficiales.<\/li><li>Autoridades mexicanas y extranjeras de car\u00e1cter civil, mercantil, penal, laboral, administrativa o fiscal, con la finalidad de dar cumplimiento a notificaciones, requerimientos u oficios.<\/li><\/ul><\/li><li>En el caso de empleados a:<ul><li>Prestadores de servicios que auxilian a MOLINA CONSULTORES a dar cumplimiento con sus obligaciones en materia de previsi\u00f3n social y compensaciones.<\/li><li>Compa\u00f1\u00edas Aseguradoras o Administradoras de Siniestros para el intercambio de ofertas y\/o para la celebraci\u00f3n, conservaci\u00f3n, cancelaci\u00f3n o modificaci\u00f3n de contratos de seguros, as\u00ed como para el tr\u00e1mite de pagos, siniestros y\/o reclamaciones, seg\u00fan sea el caso.<\/li><li>o Proveedores de servicios contratados por MOLINA CONSULTORES para realizar servicios a su nombre. Lo anterior, en el entendido que dichos proveedores est\u00e1n obligados a nivel contractual a tratar los datos personales \u00fanica y exclusivamente para dar cumplimiento a los servicios y\/o productos descritos en las finalidades primarias y que expresamente hayan sido solicitados por el cliente.<\/li><li>Sociedades relacionadas o subsidiarias de MOLINA CONSULTORES en M\u00e9xico y en el extranjero para fines estad\u00edsticos y de an\u00e1lisis internos.<\/li><li>Autoridades financieras mexicanas y extranjeras, con la finalidad de dar cumplimiento a nuestras obligaciones derivadas de leyes o tratados internacionales, obligaciones tributarias, as\u00ed como para el cumplimiento de notificaciones o requerimientos oficiales.<\/li><li>Autoridades mexicanas y extranjeras de car\u00e1cter civil, mercantil, penal, laboral, administrativa o fiscal, con la finalidad de dar cumplimiento a notificaciones, requerimientos u oficios.<\/li><li>Al Instituto Mexicano del Seguro Social, con la finalidad de dar cumplimiento a obligaciones contenidas en la legislaci\u00f3n de seguridad social.<\/li><\/ul><\/li><li>En el caso de proveedores y\/o visitantes que ingresan a las instalaciones, oficinas o representaciones de MOLINA CONSULTORES, a:<ul><li>Sociedades relacionadas o subsidiarias de MOLINA CONSULTORES en M\u00e9xico y en el extranjero para fines estad\u00edsticos y de an\u00e1lisis internos.<\/li><li>Autoridades financieras mexicanas y extranjeras, con la finalidad de dar cumplimiento a nuestras obligaciones derivadas de leyes o tratados internacionales, obligaciones tributarias, as\u00ed como para el cumplimiento de notificaciones o requerimientos oficiales.<\/li><li>Autoridades mexicanas y extranjeras de car\u00e1cter civil, mercantil, penal, laboral, administrativa o fiscal, con la finalidad de dar cumplimiento a notificaciones, requerimientos u oficios.<\/li><\/ul><\/li><\/ul><\/li><\/ol><p>MOLINA CONSULTORES requiere de su consentimiento expreso para proporcionar sus datos personales, incluyendo los sensibles, a los terceros se\u00f1alados, seg\u00fan sea el caso, por lo de estar de acuerdo con la mencionada transferencia, le solicitamos que marque la casilla siguiente:<\/p><p>Consiento que mis datos personales, incluyendo los sensibles, sean transferidos conforme a los t\u00e9rminos y condiciones del presente Aviso.<\/p><p>Nombre, Fecha y Firma Aut\u00f3grafa del Titular __________________________________________________________________ __________________________________________________________________<\/p><p>Usted podr\u00e1 ejercer su derecho de revocaci\u00f3n de consentimiento, as\u00ed como sus derechos ARCO para el Acceso a sus datos personales que MOLINA CONSULTORES posee, para obtener detalles sobre el tratamiento de los mismos, para Rectificarlos en caso de ser inexactos o incompletos, para Cancelarlos cuando considere que resulten ser excesivos o innecesarios para los fines que justificaron su obtenci\u00f3n y para Oponerse al tratamiento de los mismos para fines espec\u00edficos. Para dichos efectos, usted deber\u00e1 enviar una solicitud en t\u00e9rminos de lo establecido por la LFPDPPP al siguiente correo electr\u00f3nico\u00a0Contacto@molinaconsultores.com.mx a fin de que MOLINA CONSULTORES pueda procesar su petici\u00f3n. En todos los casos en los que su solicitud sea procedente en t\u00e9rminos de lo se\u00f1alado por la LFPDPPP, la entrega de los datos personales ser\u00e1 gratuita y usted deber\u00e1 cubrir \u00fanicamente los gastos justificados por el env\u00edo o por el costo de reproducci\u00f3n en copias u otros formatos que se generen. Asimismo, MOLINA CONSULTORES pone a su disposici\u00f3n formularios y gu\u00edas para facilitar el env\u00edo de las solicitudes descritas, a trav\u00e9s de la p\u00e1gina web\u00a0www.molinaconsultores.com.mx\u00a0secci\u00f3n \u201cAviso de Privacidad\u201d.<\/p><p>Adem\u00e1s del ejercicio de sus derechos de revocaci\u00f3n o ARCO, usted podr\u00e1 limitar el uso o divulgaci\u00f3n de sus datos personales, mediante su inscripci\u00f3n en el Registro P\u00fablico de Usuarios Personas F\u00edsicas (REUS), a cargo de la Comisi\u00f3n Nacional para la Protecci\u00f3n y Defensa de los Usuarios de Servicios Financieros.<\/p><p>MOLINA CONSULTORES en sus distintos sitios Web utiliza cookies para grabar la informaci\u00f3n de la sesi\u00f3n, tales como cotizaci\u00f3n o informaci\u00f3n espec\u00edfica sobre qu\u00e9 p\u00e1ginas visit\u00f3, pero dicha informaci\u00f3n es utilizada sobre una base an\u00f3nima y agregada de tal manera que no podr\u00e1 ser identificado en ella.<\/p><p>En los sitios de MOLINA CONSULTORES se puede emitir publicidad o la ejecuci\u00f3n de funciones de terceros que env\u00edan cookies al equipo de c\u00f3mputo de los usuarios. Mediante el uso de \u00e9stas cookies no se identifica personalmente a los usuarios, \u00fanicamente a su equipo de c\u00f3mputo.<\/p><p>Como usuario, usted podr\u00e1 cambiar sus opciones a trav\u00e9s de su equipo de c\u00f3mputo o navegador de Internet para dejar de aceptar cookies, o bien, confirmar si las permite o rechaza. Sin embargo, en caso de que desactive las cookies podr\u00eda no tener acceso a algunas de las funciones personalizadas de nuestros Sitios Web.<\/p><p>MOLINA CONSULTORES se reserva el derecho de efectuar en cualquier momento modificaciones o actualizaciones al presente Aviso, con el fin de atender novedades legislativas, pol\u00edticas internas, nuevos requerimientos para la prestaci\u00f3n de nuestros productos y servicios y para pr\u00e1cticas del mercado. Estas modificaciones estar\u00e1n disponibles al p\u00fablico a trav\u00e9s de nuestra p\u00e1gina de Internet\u00a0www.molinaconsultores.com.mx\u00a0, secci\u00f3n \u201cAviso de Privacidad\u201d, por lo que le recomendamos que la visite peri\u00f3dicamente.<\/p><p>Para cualquier asunto relacionado con el presente Aviso, puede contactar a nuestro Departamento de Privacidad al tel\u00e9fono 5532530971, o bien, al correo electr\u00f3nico\u00a0Contacto@molinaconsultores.com.mx<\/p><p>Fecha de \u00faltima actualizaci\u00f3n del presente Aviso de Privacidad: Octubre de 2020.<\/p><p>\u00a0<\/p><\/div>\n\t\t\t\t<\/div>\n\t\t\t\t<\/div>\n\t\t\t\t\t\t<\/div>\n\t\t\t\t\t<\/div>\n\t\t<\/div>\n\t\t\t\t\t\t\t\t<\/div>\n\t\t\t\t\t<\/div>\n\t\t<\/section>\n\t\t\t\t\t\t<\/div>\n\t\t\t\t\t\t<\/div>\n\t\t\t\t\t<\/div>\n\t\t","protected":false},"excerpt":{"rendered":"<p>Pol\u00edticas de Privacidad. Molina Consultores, S.A. de C.V. (en lo sucesivo, \u201cMOLINA CONSULTORES\u201d), comprometido con la confidencialidad, seguridad y protecci\u00f3n de sus datos personales le da a conocer el siguiente Aviso de Privacidad: \u00a0 \u00a0 En cumplimiento a lo establecido por la Ley Federal de Protecci\u00f3n de Datos Personales en Posesi\u00f3n de los Particulares, su &hellip;<\/p>\n<p class=\"read-more\"> <a class=\"\" href=\"http:\/\/molinaconsultores.net\/?page_id=46\"> <span class=\"screen-reader-text\">Pol\u00edticas de Privacidad<\/span> Leer m\u00e1s &raquo;<\/a><\/p>\n","protected":false},"author":1,"featured_media":0,"parent":0,"menu_order":0,"comment_status":"closed","ping_status":"closed","template":"elementor_header_footer","meta":[],"_links":{"self":[{"href":"http:\/\/molinaconsultores.net\/index.php?rest_route=\/wp\/v2\/pages\/46"}],"collection":[{"href":"http:\/\/molinaconsultores.net\/index.php?rest_route=\/wp\/v2\/pages"}],"about":[{"href":"http:\/\/molinaconsultores.net\/index.php?rest_route=\/wp\/v2\/types\/page"}],"author":[{"embeddable":true,"href":"http:\/\/molinaconsultores.net\/index.php?rest_route=\/wp\/v2\/users\/1"}],"replies":[{"embeddable":true,"href":"http:\/\/molinaconsultores.net\/index.php?rest_route=%2Fwp%2Fv2%2Fcomments&post=46"}],"version-history":[{"count":5,"href":"http:\/\/molinaconsultores.net\/index.php?rest_route=\/wp\/v2\/pages\/46\/revisions"}],"predecessor-version":[{"id":461,"href":"http:\/\/molinaconsultores.net\/index.php?rest_route=\/wp\/v2\/pages\/46\/revisions\/461"}],"wp:attachment":[{"href":"http:\/\/molinaconsultores.net\/index.php?rest_route=%2Fwp%2Fv2%2Fmedia&parent=46"}],"curies":[{"name":"wp","href":"https:\/\/api.w.org\/{rel}","templated":true}]}}