{"id":23,"date":"2020-09-22T01:38:42","date_gmt":"2020-09-22T01:38:42","guid":{"rendered":"http:\/\/molinaconsultores.net\/?page_id=23"},"modified":"2020-10-10T17:15:30","modified_gmt":"2020-10-10T17:15:30","slug":"servicios-personales-2","status":"publish","type":"page","link":"http:\/\/molinaconsultores.net\/?page_id=23","title":{"rendered":"SERVICIOS EMPRESARIALES"},"content":{"rendered":"\t\t<div data-elementor-type=\"wp-page\" data-elementor-id=\"23\" class=\"elementor elementor-23\" data-elementor-settings=\"[]\">\n\t\t\t\t\t\t<div class=\"elementor-inner\">\n\t\t\t\t\t\t\t<div class=\"elementor-section-wrap\">\n\t\t\t\t\t\t\t<section class=\"elementor-section elementor-top-section elementor-element elementor-element-69f157c elementor-section-height-min-height elementor-section-boxed elementor-section-height-default elementor-section-items-middle\" data-id=\"69f157c\" data-element_type=\"section\">\n\t\t\t\t\t\t\t<div class=\"elementor-background-overlay\"><\/div>\n\t\t\t\t\t\t\t<div class=\"elementor-container elementor-column-gap-default\">\n\t\t\t\t\t\t\t<div class=\"elementor-row\">\n\t\t\t\t\t<div class=\"elementor-column elementor-col-100 elementor-top-column elementor-element elementor-element-d7fd330\" data-id=\"d7fd330\" data-element_type=\"column\">\n\t\t\t<div class=\"elementor-column-wrap\">\n\t\t\t\t\t\t\t<div class=\"elementor-widget-wrap\">\n\t\t\t\t\t\t\t\t<\/div>\n\t\t\t\t\t<\/div>\n\t\t<\/div>\n\t\t\t\t\t\t\t\t<\/div>\n\t\t\t\t\t<\/div>\n\t\t<\/section>\n\t\t\t\t<section class=\"elementor-section elementor-top-section elementor-element elementor-element-c3a5162 elementor-section-boxed elementor-section-height-default elementor-section-height-default\" data-id=\"c3a5162\" data-element_type=\"section\">\n\t\t\t\t\t\t<div class=\"elementor-container elementor-column-gap-default\">\n\t\t\t\t\t\t\t<div class=\"elementor-row\">\n\t\t\t\t\t<div class=\"elementor-column elementor-col-100 elementor-top-column elementor-element elementor-element-7ff8371\" data-id=\"7ff8371\" data-element_type=\"column\">\n\t\t\t<div class=\"elementor-column-wrap elementor-element-populated\">\n\t\t\t\t\t\t\t<div class=\"elementor-widget-wrap\">\n\t\t\t\t\t\t<div class=\"elementor-element elementor-element-c04e31f elementor-widget elementor-widget-heading\" data-id=\"c04e31f\" data-element_type=\"widget\" data-widget_type=\"heading.default\">\n\t\t\t\t<div class=\"elementor-widget-container\">\n\t\t\t<h1 class=\"elementor-heading-title elementor-size-xxl\">Servicios que ofrecemos:<\/h1>\t\t<\/div>\n\t\t\t\t<\/div>\n\t\t\t\t\t\t<\/div>\n\t\t\t\t\t<\/div>\n\t\t<\/div>\n\t\t\t\t\t\t\t\t<\/div>\n\t\t\t\t\t<\/div>\n\t\t<\/section>\n\t\t\t\t<section class=\"elementor-section elementor-top-section elementor-element elementor-element-fd4909b elementor-section-boxed elementor-section-height-default elementor-section-height-default\" data-id=\"fd4909b\" data-element_type=\"section\">\n\t\t\t\t\t\t<div class=\"elementor-container elementor-column-gap-default\">\n\t\t\t\t\t\t\t<div class=\"elementor-row\">\n\t\t\t\t\t<div class=\"elementor-column elementor-col-25 elementor-top-column elementor-element elementor-element-4cbe4f3\" data-id=\"4cbe4f3\" data-element_type=\"column\">\n\t\t\t<div class=\"elementor-column-wrap elementor-element-populated\">\n\t\t\t\t\t\t\t<div class=\"elementor-widget-wrap\">\n\t\t\t\t\t\t<div class=\"elementor-element elementor-element-818d430 elementor-position-top elementor-vertical-align-top elementor-widget elementor-widget-image-box\" data-id=\"818d430\" data-element_type=\"widget\" data-widget_type=\"image-box.default\">\n\t\t\t\t<div class=\"elementor-widget-container\">\n\t\t\t<div class=\"elementor-image-box-wrapper\"><figure class=\"elementor-image-box-img\"><img width=\"150\" height=\"150\" src=\"http:\/\/molinaconsultores.net\/wp-content\/uploads\/2020\/09\/Consultoria-Actuarial.-150x150.png\" class=\"attachment-thumbnail size-thumbnail\" alt=\"\" loading=\"lazy\" srcset=\"http:\/\/molinaconsultores.net\/wp-content\/uploads\/2020\/09\/Consultoria-Actuarial.-150x150.png 150w, http:\/\/molinaconsultores.net\/wp-content\/uploads\/2020\/09\/Consultoria-Actuarial.-300x300.png 300w, http:\/\/molinaconsultores.net\/wp-content\/uploads\/2020\/09\/Consultoria-Actuarial..png 512w\" sizes=\"(max-width: 150px) 100vw, 150px\" \/><\/figure><div class=\"elementor-image-box-content\"><h3 class=\"elementor-image-box-title\">Consultor\u00eda y Actuar\u00eda<\/h3><\/div><\/div>\t\t<\/div>\n\t\t\t\t<\/div>\n\t\t\t\t<div class=\"elementor-element elementor-element-2ee322d elementor-position-top elementor-vertical-align-top elementor-widget elementor-widget-image-box\" data-id=\"2ee322d\" data-element_type=\"widget\" data-widget_type=\"image-box.default\">\n\t\t\t\t<div class=\"elementor-widget-container\">\n\t\t\t<div class=\"elementor-image-box-wrapper\"><figure class=\"elementor-image-box-img\"><img width=\"150\" height=\"150\" src=\"http:\/\/molinaconsultores.net\/wp-content\/uploads\/2020\/09\/Diseno-de-Redes-y-Equipo-de-Proteccion-Contra-Incendios.-150x150.png\" class=\"attachment-thumbnail size-thumbnail\" alt=\"\" loading=\"lazy\" srcset=\"http:\/\/molinaconsultores.net\/wp-content\/uploads\/2020\/09\/Diseno-de-Redes-y-Equipo-de-Proteccion-Contra-Incendios.-150x150.png 150w, http:\/\/molinaconsultores.net\/wp-content\/uploads\/2020\/09\/Diseno-de-Redes-y-Equipo-de-Proteccion-Contra-Incendios.-300x300.png 300w, http:\/\/molinaconsultores.net\/wp-content\/uploads\/2020\/09\/Diseno-de-Redes-y-Equipo-de-Proteccion-Contra-Incendios..png 512w\" sizes=\"(max-width: 150px) 100vw, 150px\" \/><\/figure><div class=\"elementor-image-box-content\"><h3 class=\"elementor-image-box-title\">Dise\u00f1o de Redes y Equipo de Protecci\u00f3n Contra Incendios<\/h3><\/div><\/div>\t\t<\/div>\n\t\t\t\t<\/div>\n\t\t\t\t<div class=\"elementor-element elementor-element-4cdf219 elementor-vertical-align-middle elementor-position-top elementor-widget elementor-widget-image-box\" data-id=\"4cdf219\" data-element_type=\"widget\" data-widget_type=\"image-box.default\">\n\t\t\t\t<div class=\"elementor-widget-container\">\n\t\t\t<div class=\"elementor-image-box-wrapper\"><figure class=\"elementor-image-box-img\"><img width=\"150\" height=\"150\" src=\"http:\/\/molinaconsultores.net\/wp-content\/uploads\/2020\/09\/Planes-Integrales-de-Beneficios-para-Empleados.-150x150.png\" class=\"attachment-thumbnail size-thumbnail\" alt=\"\" loading=\"lazy\" srcset=\"http:\/\/molinaconsultores.net\/wp-content\/uploads\/2020\/09\/Planes-Integrales-de-Beneficios-para-Empleados.-150x150.png 150w, http:\/\/molinaconsultores.net\/wp-content\/uploads\/2020\/09\/Planes-Integrales-de-Beneficios-para-Empleados.-300x300.png 300w, http:\/\/molinaconsultores.net\/wp-content\/uploads\/2020\/09\/Planes-Integrales-de-Beneficios-para-Empleados..png 512w\" sizes=\"(max-width: 150px) 100vw, 150px\" \/><\/figure><div class=\"elementor-image-box-content\"><h3 class=\"elementor-image-box-title\">Planes Integrales de Beneficios para Empleados<\/h3><\/div><\/div>\t\t<\/div>\n\t\t\t\t<\/div>\n\t\t\t\t\t\t<\/div>\n\t\t\t\t\t<\/div>\n\t\t<\/div>\n\t\t\t\t<div class=\"elementor-column elementor-col-25 elementor-top-column elementor-element elementor-element-f3fea61\" data-id=\"f3fea61\" data-element_type=\"column\">\n\t\t\t<div class=\"elementor-column-wrap elementor-element-populated\">\n\t\t\t\t\t\t\t<div class=\"elementor-widget-wrap\">\n\t\t\t\t\t\t<div class=\"elementor-element elementor-element-5314616 elementor-vertical-align-middle elementor-position-top elementor-widget elementor-widget-image-box\" data-id=\"5314616\" data-element_type=\"widget\" data-widget_type=\"image-box.default\">\n\t\t\t\t<div class=\"elementor-widget-container\">\n\t\t\t<div class=\"elementor-image-box-wrapper\"><figure class=\"elementor-image-box-img\"><img width=\"150\" height=\"150\" src=\"http:\/\/molinaconsultores.net\/wp-content\/uploads\/2020\/09\/Estructuracion-de-Planes-de-Pensiones-y-Fondo-de-Retiro.-150x150.png\" class=\"attachment-thumbnail size-thumbnail\" alt=\"\" loading=\"lazy\" srcset=\"http:\/\/molinaconsultores.net\/wp-content\/uploads\/2020\/09\/Estructuracion-de-Planes-de-Pensiones-y-Fondo-de-Retiro.-150x150.png 150w, http:\/\/molinaconsultores.net\/wp-content\/uploads\/2020\/09\/Estructuracion-de-Planes-de-Pensiones-y-Fondo-de-Retiro.-300x300.png 300w, http:\/\/molinaconsultores.net\/wp-content\/uploads\/2020\/09\/Estructuracion-de-Planes-de-Pensiones-y-Fondo-de-Retiro..png 512w\" sizes=\"(max-width: 150px) 100vw, 150px\" \/><\/figure><div class=\"elementor-image-box-content\"><h3 class=\"elementor-image-box-title\">Estructuraci\u00f3n de Planes de Pensiones y Fondo de Retiro<\/h3><\/div><\/div>\t\t<\/div>\n\t\t\t\t<\/div>\n\t\t\t\t<div class=\"elementor-element elementor-element-da3fc6c elementor-vertical-align-middle elementor-position-top elementor-widget elementor-widget-image-box\" data-id=\"da3fc6c\" data-element_type=\"widget\" data-widget_type=\"image-box.default\">\n\t\t\t\t<div class=\"elementor-widget-container\">\n\t\t\t<div class=\"elementor-image-box-wrapper\"><figure class=\"elementor-image-box-img\"><img width=\"150\" height=\"150\" src=\"http:\/\/molinaconsultores.net\/wp-content\/uploads\/2020\/09\/Analisis-de-Riesgo.-1-150x150.png\" class=\"attachment-thumbnail size-thumbnail\" alt=\"\" loading=\"lazy\" srcset=\"http:\/\/molinaconsultores.net\/wp-content\/uploads\/2020\/09\/Analisis-de-Riesgo.-1-150x150.png 150w, http:\/\/molinaconsultores.net\/wp-content\/uploads\/2020\/09\/Analisis-de-Riesgo.-1-300x300.png 300w, http:\/\/molinaconsultores.net\/wp-content\/uploads\/2020\/09\/Analisis-de-Riesgo.-1.png 512w\" sizes=\"(max-width: 150px) 100vw, 150px\" \/><\/figure><div class=\"elementor-image-box-content\"><h3 class=\"elementor-image-box-title\">An\u00e1lisis de Riesgos<\/h3><\/div><\/div>\t\t<\/div>\n\t\t\t\t<\/div>\n\t\t\t\t<div class=\"elementor-element elementor-element-ad2e3c8 elementor-vertical-align-middle elementor-position-top elementor-widget elementor-widget-image-box\" data-id=\"ad2e3c8\" data-element_type=\"widget\" data-widget_type=\"image-box.default\">\n\t\t\t\t<div class=\"elementor-widget-container\">\n\t\t\t<div class=\"elementor-image-box-wrapper\"><figure class=\"elementor-image-box-img\"><img width=\"150\" height=\"150\" src=\"http:\/\/molinaconsultores.net\/wp-content\/uploads\/2020\/09\/Estudios-de-Impacto-Ambiental-Ecologia.-150x150.png\" class=\"attachment-thumbnail size-thumbnail\" alt=\"\" loading=\"lazy\" srcset=\"http:\/\/molinaconsultores.net\/wp-content\/uploads\/2020\/09\/Estudios-de-Impacto-Ambiental-Ecologia.-150x150.png 150w, http:\/\/molinaconsultores.net\/wp-content\/uploads\/2020\/09\/Estudios-de-Impacto-Ambiental-Ecologia.-300x300.png 300w, http:\/\/molinaconsultores.net\/wp-content\/uploads\/2020\/09\/Estudios-de-Impacto-Ambiental-Ecologia..png 512w\" sizes=\"(max-width: 150px) 100vw, 150px\" \/><\/figure><div class=\"elementor-image-box-content\"><h3 class=\"elementor-image-box-title\">Estudios de Impacto Ambiental (Ecolog\u00eda)<\/h3><\/div><\/div>\t\t<\/div>\n\t\t\t\t<\/div>\n\t\t\t\t\t\t<\/div>\n\t\t\t\t\t<\/div>\n\t\t<\/div>\n\t\t\t\t<div class=\"elementor-column elementor-col-25 elementor-top-column elementor-element elementor-element-8473baf\" data-id=\"8473baf\" data-element_type=\"column\">\n\t\t\t<div class=\"elementor-column-wrap elementor-element-populated\">\n\t\t\t\t\t\t\t<div class=\"elementor-widget-wrap\">\n\t\t\t\t\t\t<div class=\"elementor-element elementor-element-af89463 elementor-position-top elementor-vertical-align-top elementor-widget elementor-widget-image-box\" data-id=\"af89463\" data-element_type=\"widget\" data-widget_type=\"image-box.default\">\n\t\t\t\t<div class=\"elementor-widget-container\">\n\t\t\t<div class=\"elementor-image-box-wrapper\"><figure class=\"elementor-image-box-img\"><img width=\"150\" height=\"150\" src=\"http:\/\/molinaconsultores.net\/wp-content\/uploads\/2020\/09\/Administracion-de-Planes-de-Pensiones-y-Fondos-de-Retiro.-150x150.png\" class=\"attachment-thumbnail size-thumbnail\" alt=\"\" loading=\"lazy\" srcset=\"http:\/\/molinaconsultores.net\/wp-content\/uploads\/2020\/09\/Administracion-de-Planes-de-Pensiones-y-Fondos-de-Retiro.-150x150.png 150w, http:\/\/molinaconsultores.net\/wp-content\/uploads\/2020\/09\/Administracion-de-Planes-de-Pensiones-y-Fondos-de-Retiro.-300x300.png 300w, http:\/\/molinaconsultores.net\/wp-content\/uploads\/2020\/09\/Administracion-de-Planes-de-Pensiones-y-Fondos-de-Retiro..png 512w\" sizes=\"(max-width: 150px) 100vw, 150px\" \/><\/figure><div class=\"elementor-image-box-content\"><h3 class=\"elementor-image-box-title\">Administraci\u00f3n de Planes de Prevenci\u00f3n Social<\/h3><\/div><\/div>\t\t<\/div>\n\t\t\t\t<\/div>\n\t\t\t\t<div class=\"elementor-element elementor-element-50bf738 elementor-position-top elementor-vertical-align-top elementor-widget elementor-widget-image-box\" data-id=\"50bf738\" data-element_type=\"widget\" data-widget_type=\"image-box.default\">\n\t\t\t\t<div class=\"elementor-widget-container\">\n\t\t\t<div class=\"elementor-image-box-wrapper\"><figure class=\"elementor-image-box-img\"><img width=\"150\" height=\"150\" src=\"http:\/\/molinaconsultores.net\/wp-content\/uploads\/2020\/09\/Higiene-y-Seguridad-Industrial.-150x150.png\" class=\"attachment-thumbnail size-thumbnail\" alt=\"\" loading=\"lazy\" srcset=\"http:\/\/molinaconsultores.net\/wp-content\/uploads\/2020\/09\/Higiene-y-Seguridad-Industrial.-150x150.png 150w, http:\/\/molinaconsultores.net\/wp-content\/uploads\/2020\/09\/Higiene-y-Seguridad-Industrial.-300x300.png 300w, http:\/\/molinaconsultores.net\/wp-content\/uploads\/2020\/09\/Higiene-y-Seguridad-Industrial..png 512w\" sizes=\"(max-width: 150px) 100vw, 150px\" \/><\/figure><div class=\"elementor-image-box-content\"><h3 class=\"elementor-image-box-title\">Higiene y Seguridad Industrial<\/h3><\/div><\/div>\t\t<\/div>\n\t\t\t\t<\/div>\n\t\t\t\t<div class=\"elementor-element elementor-element-0e0acaa elementor-position-top elementor-vertical-align-top elementor-widget elementor-widget-image-box\" data-id=\"0e0acaa\" data-element_type=\"widget\" data-widget_type=\"image-box.default\">\n\t\t\t\t<div class=\"elementor-widget-container\">\n\t\t\t<div class=\"elementor-image-box-wrapper\"><figure class=\"elementor-image-box-img\"><img width=\"150\" height=\"150\" src=\"http:\/\/molinaconsultores.net\/wp-content\/uploads\/2020\/09\/Corretaje-de-Seguros-y-Fianzas.-150x150.png\" class=\"attachment-thumbnail size-thumbnail\" alt=\"\" loading=\"lazy\" srcset=\"http:\/\/molinaconsultores.net\/wp-content\/uploads\/2020\/09\/Corretaje-de-Seguros-y-Fianzas.-150x150.png 150w, http:\/\/molinaconsultores.net\/wp-content\/uploads\/2020\/09\/Corretaje-de-Seguros-y-Fianzas.-300x300.png 300w, http:\/\/molinaconsultores.net\/wp-content\/uploads\/2020\/09\/Corretaje-de-Seguros-y-Fianzas..png 512w\" sizes=\"(max-width: 150px) 100vw, 150px\" \/><\/figure><div class=\"elementor-image-box-content\"><h3 class=\"elementor-image-box-title\">Corretaje Seguros y Fianzas<\/h3><\/div><\/div>\t\t<\/div>\n\t\t\t\t<\/div>\n\t\t\t\t\t\t<\/div>\n\t\t\t\t\t<\/div>\n\t\t<\/div>\n\t\t\t\t<div class=\"elementor-column elementor-col-25 elementor-top-column elementor-element elementor-element-6caff8a\" data-id=\"6caff8a\" data-element_type=\"column\">\n\t\t\t<div class=\"elementor-column-wrap elementor-element-populated\">\n\t\t\t\t\t\t\t<div class=\"elementor-widget-wrap\">\n\t\t\t\t\t\t<div class=\"elementor-element elementor-element-35079bf elementor-widget elementor-widget-heading\" data-id=\"35079bf\" data-element_type=\"widget\" data-widget_type=\"heading.default\">\n\t\t\t\t<div class=\"elementor-widget-container\">\n\t\t\t<h2 class=\"elementor-heading-title elementor-size-default\">Certificaciones<\/h2>\t\t<\/div>\n\t\t\t\t<\/div>\n\t\t\t\t<div class=\"elementor-element elementor-element-36229a3 elementor-widget elementor-widget-toggle\" data-id=\"36229a3\" data-element_type=\"widget\" data-widget_type=\"toggle.default\">\n\t\t\t\t<div class=\"elementor-widget-container\">\n\t\t\t\t\t<div class=\"elementor-toggle\" role=\"tablist\">\n\t\t\t\t\t\t\t<div class=\"elementor-toggle-item\">\n\t\t\t\t\t<h4 id=\"elementor-tab-title-5671\" class=\"elementor-tab-title\" data-tab=\"1\" role=\"tab\" aria-controls=\"elementor-tab-content-5671\">\n\t\t\t\t\t\t\t\t\t\t\t\t<span class=\"elementor-toggle-icon elementor-toggle-icon-left\" aria-hidden=\"true\">\n\t\t\t\t\t\t\t\t\t\t\t\t\t\t\t<span class=\"elementor-toggle-icon-closed\"><i class=\"fas fa-caret-square-down\"><\/i><\/span>\n\t\t\t\t\t\t\t\t<span class=\"elementor-toggle-icon-opened\"><i class=\"elementor-toggle-icon-opened far fa-caret-square-up\"><\/i><\/span>\n\t\t\t\t\t\t\t\t\t\t\t\t\t<\/span>\n\t\t\t\t\t\t\t\t\t\t\t\t<a href=\"\" class=\"elementor-toggle-title\">C\u00e9dulas tipo \"C\"<\/a>\n\t\t\t\t\t<\/h4>\n\t\t\t\t\t<div id=\"elementor-tab-content-5671\" class=\"elementor-tab-content elementor-clearfix\" data-tab=\"1\" role=\"tabpanel\" aria-labelledby=\"elementor-tab-title-5671\"><ul><li>Grandes Riesgos<\/li><li>Barcos y Aviones<\/li><li>Autom\u00f3viles y Camiones<\/li><li>Vida y Gastos M\u00e9dicos<\/li><\/ul><\/div>\n\t\t\t\t<\/div>\n\t\t\t\t\t\t\t<div class=\"elementor-toggle-item\">\n\t\t\t\t\t<h4 id=\"elementor-tab-title-5672\" class=\"elementor-tab-title\" data-tab=\"2\" role=\"tab\" aria-controls=\"elementor-tab-content-5672\">\n\t\t\t\t\t\t\t\t\t\t\t\t<span class=\"elementor-toggle-icon elementor-toggle-icon-left\" aria-hidden=\"true\">\n\t\t\t\t\t\t\t\t\t\t\t\t\t\t\t<span class=\"elementor-toggle-icon-closed\"><i class=\"fas fa-caret-square-down\"><\/i><\/span>\n\t\t\t\t\t\t\t\t<span class=\"elementor-toggle-icon-opened\"><i class=\"elementor-toggle-icon-opened far fa-caret-square-up\"><\/i><\/span>\n\t\t\t\t\t\t\t\t\t\t\t\t\t<\/span>\n\t\t\t\t\t\t\t\t\t\t\t\t<a href=\"\" class=\"elementor-toggle-title\">C\u00e9dulas tipo \"D\"<\/a>\n\t\t\t\t\t<\/h4>\n\t\t\t\t\t<div id=\"elementor-tab-content-5672\" class=\"elementor-tab-content elementor-clearfix\" data-tab=\"2\" role=\"tabpanel\" aria-labelledby=\"elementor-tab-title-5672\"><ul><li>Agr\u00edcola<\/li><li>Ganadero<\/li><\/ul><\/div>\n\t\t\t\t<\/div>\n\t\t\t\t\t\t\t<div class=\"elementor-toggle-item\">\n\t\t\t\t\t<h4 id=\"elementor-tab-title-5673\" class=\"elementor-tab-title\" data-tab=\"3\" role=\"tab\" aria-controls=\"elementor-tab-content-5673\">\n\t\t\t\t\t\t\t\t\t\t\t\t<span class=\"elementor-toggle-icon elementor-toggle-icon-left\" aria-hidden=\"true\">\n\t\t\t\t\t\t\t\t\t\t\t\t\t\t\t<span class=\"elementor-toggle-icon-closed\"><i class=\"fas fa-caret-square-down\"><\/i><\/span>\n\t\t\t\t\t\t\t\t<span class=\"elementor-toggle-icon-opened\"><i class=\"elementor-toggle-icon-opened far fa-caret-square-up\"><\/i><\/span>\n\t\t\t\t\t\t\t\t\t\t\t\t\t<\/span>\n\t\t\t\t\t\t\t\t\t\t\t\t<a href=\"\" class=\"elementor-toggle-title\">C\u00e9dulas tipo \"F\"<\/a>\n\t\t\t\t\t<\/h4>\n\t\t\t\t\t<div id=\"elementor-tab-content-5673\" class=\"elementor-tab-content elementor-clearfix\" data-tab=\"3\" role=\"tabpanel\" aria-labelledby=\"elementor-tab-title-5673\"><ul><li>Fianzas<\/li><\/ul><\/div>\n\t\t\t\t<\/div>\n\t\t\t\t\t\t\t<div class=\"elementor-toggle-item\">\n\t\t\t\t\t<h4 id=\"elementor-tab-title-5674\" class=\"elementor-tab-title\" data-tab=\"4\" role=\"tab\" aria-controls=\"elementor-tab-content-5674\">\n\t\t\t\t\t\t\t\t\t\t\t\t<span class=\"elementor-toggle-icon elementor-toggle-icon-left\" aria-hidden=\"true\">\n\t\t\t\t\t\t\t\t\t\t\t\t\t\t\t<span class=\"elementor-toggle-icon-closed\"><i class=\"fas fa-caret-square-down\"><\/i><\/span>\n\t\t\t\t\t\t\t\t<span class=\"elementor-toggle-icon-opened\"><i class=\"elementor-toggle-icon-opened far fa-caret-square-up\"><\/i><\/span>\n\t\t\t\t\t\t\t\t\t\t\t\t\t<\/span>\n\t\t\t\t\t\t\t\t\t\t\t\t<a href=\"\" class=\"elementor-toggle-title\">C\u00e9dulas tipo \"H\"<\/a>\n\t\t\t\t\t<\/h4>\n\t\t\t\t\t<div id=\"elementor-tab-content-5674\" class=\"elementor-tab-content elementor-clearfix\" data-tab=\"4\" role=\"tabpanel\" aria-labelledby=\"elementor-tab-title-5674\"><ul><li>Seguro de Cr\u00e9dito<\/li><\/ul><\/div>\n\t\t\t\t<\/div>\n\t\t\t\t\t\t\t<div class=\"elementor-toggle-item\">\n\t\t\t\t\t<h4 id=\"elementor-tab-title-5675\" class=\"elementor-tab-title\" data-tab=\"5\" role=\"tab\" aria-controls=\"elementor-tab-content-5675\">\n\t\t\t\t\t\t\t\t\t\t\t\t<span class=\"elementor-toggle-icon elementor-toggle-icon-left\" aria-hidden=\"true\">\n\t\t\t\t\t\t\t\t\t\t\t\t\t\t\t<span class=\"elementor-toggle-icon-closed\"><i class=\"fas fa-caret-square-down\"><\/i><\/span>\n\t\t\t\t\t\t\t\t<span class=\"elementor-toggle-icon-opened\"><i class=\"elementor-toggle-icon-opened far fa-caret-square-up\"><\/i><\/span>\n\t\t\t\t\t\t\t\t\t\t\t\t\t<\/span>\n\t\t\t\t\t\t\t\t\t\t\t\t<a href=\"\" class=\"elementor-toggle-title\">C\u00e9dulas tipo \"W\"<\/a>\n\t\t\t\t\t<\/h4>\n\t\t\t\t\t<div id=\"elementor-tab-content-5675\" class=\"elementor-tab-content elementor-clearfix\" data-tab=\"5\" role=\"tabpanel\" aria-labelledby=\"elementor-tab-title-5675\"><ul><li>Grandes Riesgos<\/li><li>Barcos y Aviones<\/li><li>Da\u00f1os<\/li><li>Vida<\/li><li>Gastos M\u00e9dicos Mayores<\/li><li>\u00a0<\/li><\/ul><\/div>\n\t\t\t\t<\/div>\n\t\t\t\t\t<\/div>\n\t\t\t\t<\/div>\n\t\t\t\t<\/div>\n\t\t\t\t\t\t<\/div>\n\t\t\t\t\t<\/div>\n\t\t<\/div>\n\t\t\t\t\t\t\t\t<\/div>\n\t\t\t\t\t<\/div>\n\t\t<\/section>\n\t\t\t\t\t\t<\/div>\n\t\t\t\t\t\t<\/div>\n\t\t\t\t\t<\/div>\n\t\t","protected":false},"excerpt":{"rendered":"<p>Servicios que ofrecemos: Consultor\u00eda y Actuar\u00eda Dise\u00f1o de Redes y Equipo de Protecci\u00f3n Contra Incendios Planes Integrales de Beneficios para Empleados Estructuraci\u00f3n de Planes de Pensiones y Fondo de Retiro An\u00e1lisis de Riesgos Estudios de Impacto Ambiental (Ecolog\u00eda) Administraci\u00f3n de Planes de Prevenci\u00f3n Social Higiene y Seguridad Industrial Corretaje Seguros y Fianzas Certificaciones C\u00e9dulas tipo &hellip;<\/p>\n<p class=\"read-more\"> <a class=\"\" href=\"http:\/\/molinaconsultores.net\/?page_id=23\"> <span class=\"screen-reader-text\">SERVICIOS EMPRESARIALES<\/span> Leer m\u00e1s &raquo;<\/a><\/p>\n","protected":false},"author":1,"featured_media":0,"parent":0,"menu_order":0,"comment_status":"closed","ping_status":"closed","template":"elementor_header_footer","meta":[],"_links":{"self":[{"href":"http:\/\/molinaconsultores.net\/index.php?rest_route=\/wp\/v2\/pages\/23"}],"collection":[{"href":"http:\/\/molinaconsultores.net\/index.php?rest_route=\/wp\/v2\/pages"}],"about":[{"href":"http:\/\/molinaconsultores.net\/index.php?rest_route=\/wp\/v2\/types\/page"}],"author":[{"embeddable":true,"href":"http:\/\/molinaconsultores.net\/index.php?rest_route=\/wp\/v2\/users\/1"}],"replies":[{"embeddable":true,"href":"http:\/\/molinaconsultores.net\/index.php?rest_route=%2Fwp%2Fv2%2Fcomments&post=23"}],"version-history":[{"count":147,"href":"http:\/\/molinaconsultores.net\/index.php?rest_route=\/wp\/v2\/pages\/23\/revisions"}],"predecessor-version":[{"id":511,"href":"http:\/\/molinaconsultores.net\/index.php?rest_route=\/wp\/v2\/pages\/23\/revisions\/511"}],"wp:attachment":[{"href":"http:\/\/molinaconsultores.net\/index.php?rest_route=%2Fwp%2Fv2%2Fmedia&parent=23"}],"curies":[{"name":"wp","href":"https:\/\/api.w.org\/{rel}","templated":true}]}}