{"id":21,"date":"2020-09-22T01:38:03","date_gmt":"2020-09-22T01:38:03","guid":{"rendered":"http:\/\/molinaconsultores.net\/?page_id=21"},"modified":"2020-10-10T08:13:10","modified_gmt":"2020-10-10T08:13:10","slug":"acerca-de-nosotros","status":"publish","type":"page","link":"http:\/\/molinaconsultores.net\/?page_id=21","title":{"rendered":"ACERCA DE NOSOTROS"},"content":{"rendered":"\t\t<div data-elementor-type=\"wp-page\" data-elementor-id=\"21\" class=\"elementor elementor-21\" data-elementor-settings=\"[]\">\n\t\t\t\t\t\t<div class=\"elementor-inner\">\n\t\t\t\t\t\t\t<div class=\"elementor-section-wrap\">\n\t\t\t\t\t\t\t<section class=\"elementor-section elementor-top-section elementor-element elementor-element-bb494e2 elementor-section-height-min-height elementor-section-boxed elementor-section-height-default elementor-section-items-middle\" data-id=\"bb494e2\" data-element_type=\"section\">\n\t\t\t\t\t\t\t<div class=\"elementor-background-overlay\"><\/div>\n\t\t\t\t\t\t\t<div class=\"elementor-container elementor-column-gap-default\">\n\t\t\t\t\t\t\t<div class=\"elementor-row\">\n\t\t\t\t\t<div class=\"elementor-column elementor-col-100 elementor-top-column elementor-element elementor-element-3c7e776\" data-id=\"3c7e776\" data-element_type=\"column\">\n\t\t\t<div class=\"elementor-column-wrap elementor-element-populated\">\n\t\t\t\t\t\t\t<div class=\"elementor-widget-wrap\">\n\t\t\t\t\t\t<div class=\"elementor-element elementor-element-ac1fb65 elementor-widget elementor-widget-heading\" data-id=\"ac1fb65\" data-element_type=\"widget\" data-widget_type=\"heading.default\">\n\t\t\t\t<div class=\"elementor-widget-container\">\n\t\t\t<h2 class=\"elementor-heading-title elementor-size-large\">Ayudamos a nuestros clientes a identificar soluciones a la medida y garantizando siempre resoluciones econ\u00f3micamente satisfactorias.<\/h2>\t\t<\/div>\n\t\t\t\t<\/div>\n\t\t\t\t\t\t<\/div>\n\t\t\t\t\t<\/div>\n\t\t<\/div>\n\t\t\t\t\t\t\t\t<\/div>\n\t\t\t\t\t<\/div>\n\t\t<\/section>\n\t\t\t\t<section class=\"elementor-section elementor-top-section elementor-element elementor-element-912f61f elementor-section-boxed elementor-section-height-default elementor-section-height-default\" data-id=\"912f61f\" data-element_type=\"section\">\n\t\t\t\t\t\t<div class=\"elementor-container elementor-column-gap-default\">\n\t\t\t\t\t\t\t<div class=\"elementor-row\">\n\t\t\t\t\t<div class=\"elementor-column elementor-col-66 elementor-top-column elementor-element elementor-element-8df09c4\" data-id=\"8df09c4\" data-element_type=\"column\">\n\t\t\t<div class=\"elementor-column-wrap elementor-element-populated\">\n\t\t\t\t\t\t\t<div class=\"elementor-widget-wrap\">\n\t\t\t\t\t\t<div class=\"elementor-element elementor-element-9175df7 elementor-widget elementor-widget-text-editor\" data-id=\"9175df7\" data-element_type=\"widget\" data-widget_type=\"text-editor.default\">\n\t\t\t\t<div class=\"elementor-widget-container\">\n\t\t\t\t\t<div class=\"elementor-text-editor elementor-clearfix\"><h4>\u00bfQui\u00e9nes somos?<\/h4><\/div>\n\t\t\t\t<\/div>\n\t\t\t\t<\/div>\n\t\t\t\t<div class=\"elementor-element elementor-element-697a688 elementor-widget elementor-widget-text-editor\" data-id=\"697a688\" data-element_type=\"widget\" data-widget_type=\"text-editor.default\">\n\t\t\t\t<div class=\"elementor-widget-container\">\n\t\t\t\t\t<div class=\"elementor-text-editor elementor-clearfix\"><p><span style=\"vertical-align: inherit;\"><span style=\"vertical-align: inherit;\">MOLINA CONSULTORES inicio en 1993, con la uni\u00f3n de varios profesionistas expertos en la materia de seguro y fianzas, colaborando con los principales corredores de seguros internacionales que existen en M\u00e9xico. <\/span><span style=\"vertical-align: inherit;\">Desde sus inicios MOLINA CONSULTORES se caracteriz\u00f3 por ser una sociedad con un elevado conocimiento en su ramo, por su gran desarrollo en dise\u00f1o de programas integrales de seguros y su alto enfoque de servicio al cliente.<\/span><\/span><\/p><\/div>\n\t\t\t\t<\/div>\n\t\t\t\t<\/div>\n\t\t\t\t<div class=\"elementor-element elementor-element-22c84d9 elementor-widget elementor-widget-image\" data-id=\"22c84d9\" data-element_type=\"widget\" data-widget_type=\"image.default\">\n\t\t\t\t<div class=\"elementor-widget-container\">\n\t\t\t\t\t<div class=\"elementor-image\">\n\t\t\t\t\t\t\t\t\t\t<img width=\"1024\" height=\"683\" src=\"http:\/\/molinaconsultores.net\/wp-content\/uploads\/2020\/09\/INICIO-min-1024x683.jpg\" class=\"attachment-large size-large\" alt=\"\" loading=\"lazy\" srcset=\"http:\/\/molinaconsultores.net\/wp-content\/uploads\/2020\/09\/INICIO-min-1024x683.jpg 1024w, http:\/\/molinaconsultores.net\/wp-content\/uploads\/2020\/09\/INICIO-min-300x200.jpg 300w, http:\/\/molinaconsultores.net\/wp-content\/uploads\/2020\/09\/INICIO-min-768x512.jpg 768w, http:\/\/molinaconsultores.net\/wp-content\/uploads\/2020\/09\/INICIO-min-1536x1024.jpg 1536w, http:\/\/molinaconsultores.net\/wp-content\/uploads\/2020\/09\/INICIO-min.jpg 1920w\" sizes=\"(max-width: 1024px) 100vw, 1024px\" \/>\t\t\t\t\t\t\t\t\t\t\t<\/div>\n\t\t\t\t<\/div>\n\t\t\t\t<\/div>\n\t\t\t\t\t\t<\/div>\n\t\t\t\t\t<\/div>\n\t\t<\/div>\n\t\t\t\t<div class=\"elementor-column elementor-col-33 elementor-top-column elementor-element elementor-element-a34e457\" data-id=\"a34e457\" data-element_type=\"column\">\n\t\t\t<div class=\"elementor-column-wrap elementor-element-populated\">\n\t\t\t\t\t\t\t<div class=\"elementor-widget-wrap\">\n\t\t\t\t\t\t<div class=\"elementor-element elementor-element-13cd121 elementor-widget elementor-widget-text-editor\" data-id=\"13cd121\" data-element_type=\"widget\" data-widget_type=\"text-editor.default\">\n\t\t\t\t<div class=\"elementor-widget-container\">\n\t\t\t\t\t<div class=\"elementor-text-editor elementor-clearfix\"><h4><span style=\"vertical-align: inherit;\">Nuestro Prop\u00f3sito:<\/span><\/h4><\/div>\n\t\t\t\t<\/div>\n\t\t\t\t<\/div>\n\t\t\t\t<div class=\"elementor-element elementor-element-a5dd2dc elementor-widget elementor-widget-text-editor\" data-id=\"a5dd2dc\" data-element_type=\"widget\" data-widget_type=\"text-editor.default\">\n\t\t\t\t<div class=\"elementor-widget-container\">\n\t\t\t\t\t<div class=\"elementor-text-editor elementor-clearfix\"><p><span style=\"vertical-align: inherit;\">Desde hace m\u00e1s de 20 a\u00f1os, MOLINA CONSULTORES es un corredor dedicado a dise\u00f1ar PROGRAMAS DE SEGUROS Y FIANZAS para sus clientes, con fundamentos en la aplicaci\u00f3n de las t\u00e9cnicas de administraci\u00f3n de riesgos, identificado las incertidumbres presentes y d\u00e1ndoles el tratamiento correspondiente para convertirlas en oportunidades .<\/span><\/p><\/div>\n\t\t\t\t<\/div>\n\t\t\t\t<\/div>\n\t\t\t\t<div class=\"elementor-element elementor-element-42c733c elementor-widget elementor-widget-text-editor\" data-id=\"42c733c\" data-element_type=\"widget\" data-widget_type=\"text-editor.default\">\n\t\t\t\t<div class=\"elementor-widget-container\">\n\t\t\t\t\t<div class=\"elementor-text-editor elementor-clearfix\"><h4>Visi\u00f3n:<\/h4><\/div>\n\t\t\t\t<\/div>\n\t\t\t\t<\/div>\n\t\t\t\t<div class=\"elementor-element elementor-element-74e0989 elementor-widget elementor-widget-text-editor\" data-id=\"74e0989\" data-element_type=\"widget\" data-widget_type=\"text-editor.default\">\n\t\t\t\t<div class=\"elementor-widget-container\">\n\t\t\t\t\t<div class=\"elementor-text-editor elementor-clearfix\"><p>Nuestra visi\u00f3n en MOLINA CONSULTORES es ser un corredor de Seguros y Fianzas, con alto nivel de conocimientos, sistemas y procedimientos, que nos mantenga profesionalmente a la vanguardia de nuestro gremio. En donde cada uno de nuestros clientes se encuentren orgullosos y satisfechos de contarnos dentro de su equipo de trabajo.<\/p><\/div>\n\t\t\t\t<\/div>\n\t\t\t\t<\/div>\n\t\t\t\t\t\t<\/div>\n\t\t\t\t\t<\/div>\n\t\t<\/div>\n\t\t\t\t\t\t\t\t<\/div>\n\t\t\t\t\t<\/div>\n\t\t<\/section>\n\t\t\t\t\t\t<\/div>\n\t\t\t\t\t\t<\/div>\n\t\t\t\t\t<\/div>\n\t\t","protected":false},"excerpt":{"rendered":"<p>Ayudamos a nuestros clientes a identificar soluciones a la medida y garantizando siempre resoluciones econ\u00f3micamente satisfactorias. \u00bfQui\u00e9nes somos? MOLINA CONSULTORES inicio en 1993, con la uni\u00f3n de varios profesionistas expertos en la materia de seguro y fianzas, colaborando con los principales corredores de seguros internacionales que existen en M\u00e9xico. Desde sus inicios MOLINA CONSULTORES se &hellip;<\/p>\n<p class=\"read-more\"> <a class=\"\" href=\"http:\/\/molinaconsultores.net\/?page_id=21\"> <span class=\"screen-reader-text\">ACERCA DE NOSOTROS<\/span> Leer m\u00e1s &raquo;<\/a><\/p>\n","protected":false},"author":1,"featured_media":0,"parent":0,"menu_order":0,"comment_status":"closed","ping_status":"closed","template":"elementor_header_footer","meta":[],"_links":{"self":[{"href":"http:\/\/molinaconsultores.net\/index.php?rest_route=\/wp\/v2\/pages\/21"}],"collection":[{"href":"http:\/\/molinaconsultores.net\/index.php?rest_route=\/wp\/v2\/pages"}],"about":[{"href":"http:\/\/molinaconsultores.net\/index.php?rest_route=\/wp\/v2\/types\/page"}],"author":[{"embeddable":true,"href":"http:\/\/molinaconsultores.net\/index.php?rest_route=\/wp\/v2\/users\/1"}],"replies":[{"embeddable":true,"href":"http:\/\/molinaconsultores.net\/index.php?rest_route=%2Fwp%2Fv2%2Fcomments&post=21"}],"version-history":[{"count":25,"href":"http:\/\/molinaconsultores.net\/index.php?rest_route=\/wp\/v2\/pages\/21\/revisions"}],"predecessor-version":[{"id":498,"href":"http:\/\/molinaconsultores.net\/index.php?rest_route=\/wp\/v2\/pages\/21\/revisions\/498"}],"wp:attachment":[{"href":"http:\/\/molinaconsultores.net\/index.php?rest_route=%2Fwp%2Fv2%2Fmedia&parent=21"}],"curies":[{"name":"wp","href":"https:\/\/api.w.org\/{rel}","templated":true}]}}